{"id":1314,"date":"2019-03-12T09:51:47","date_gmt":"2019-03-12T08:51:47","guid":{"rendered":"https:\/\/www.hotel-am-wasserturm.com\/hjem\/"},"modified":"2022-10-07T09:48:38","modified_gmt":"2022-10-07T07:48:38","slug":"hjem","status":"publish","type":"page","link":"https:\/\/www.hotel-am-wasserturm.com\/da\/","title":{"rendered":"Hjem"},"content":{"rendered":"<p>[et_pb_section fb_built=&#8221;1&#8243; admin_label=&#8221;Header&#8221; _builder_version=&#8221;4.18.0&#8243; _module_preset=&#8221;default&#8221; background_image=&#8221;https:\/\/www.hotel-am-wasserturm.com\/wp-content\/uploads\/J147283_ru4ukxod.jpg&#8221; parallax=&#8221;on&#8221; max_width=&#8221;85%&#8221; module_alignment=&#8221;center&#8221; overflow-y=&#8221;visible&#8221; custom_margin=&#8221;5rem||5rem||true|false&#8221; custom_padding=&#8221;5rem||||false|false&#8221; box_shadow_style=&#8221;preset4&#8243; box_shadow_horizontal=&#8221;1rem&#8221; box_shadow_vertical=&#8221;1rem&#8221; box_shadow_color=&#8221;#5A0000&#8243; global_colors_info=&#8221;{}&#8221;][et_pb_row custom_padding_last_edited=&#8221;on|desktop&#8221; _builder_version=&#8221;4.18.0&#8243; _module_preset=&#8221;default&#8221; background_color=&#8221;#FFFFFF&#8221; custom_margin=&#8221;||20%||false|false&#8221; custom_padding=&#8221;1rem|1rem|1rem|1rem|true|true&#8221; custom_padding_tablet=&#8221;30px|30px|30px|30px|true|true&#8221; custom_padding_phone=&#8221;20px|20px|20px|20px|true|true&#8221; global_colors_info=&#8221;{}&#8221;][et_pb_column type=&#8221;4_4&#8243; _builder_version=&#8221;4.17.6&#8243; _module_preset=&#8221;default&#8221; global_colors_info=&#8221;{}&#8221;][et_pb_text _builder_version=&#8221;4.18.0&#8243; _module_preset=&#8221;e6504a1b-67eb-4b3d-b023-bcab277610b6&#8243; header_4_font=&#8221;Great Vibes|700|||||||&#8221; header_4_text_color=&#8221;#800000&#8243; header_4_font_size=&#8221;2em&#8221; header_4_letter_spacing=&#8221;1px&#8221; header_4_line_height=&#8221;1.4em&#8221; text_orientation=&#8221;center&#8221; custom_margin=&#8221;||0px||false|false&#8221; header_4_font_size_tablet=&#8221;1.5em&#8221; header_4_font_size_phone=&#8221;1em&#8221; header_4_font_size_last_edited=&#8221;on|phone&#8221; global_colors_info=&#8221;{}&#8221;]<\/p>\n<h4>Hotel ved vandt\u00e5rnet<\/h4>\n<p>[\/et_pb_text][et_pb_text _builder_version=&#8221;4.18.0&#8243; _module_preset=&#8221;c16985e1-e0d6-4022-964d-e2bfc04fa633&#8243; header_font=&#8221;|700||on|||||&#8221; header_text_color=&#8221;#000000&#8243; header_font_size=&#8221;3.5em&#8221; header_letter_spacing=&#8221;0.05em&#8221; text_orientation=&#8221;center&#8221; header_font_size_tablet=&#8221;2.5em&#8221; header_font_size_phone=&#8221;1.5em&#8221; header_font_size_last_edited=&#8221;on|phone&#8221; global_colors_info=&#8221;{}&#8221;]<\/p>\n<h1>Oplev Flensborg<\/h1>\n<p>[\/et_pb_text][\/et_pb_column][\/et_pb_row][et_pb_row use_custom_gutter=&#8221;on&#8221; custom_padding_last_edited=&#8221;off|desktop&#8221; _builder_version=&#8221;4.18.0&#8243; _module_preset=&#8221;default&#8221; background_color=&#8221;#FFFFFF&#8221; transform_scale_last_edited=&#8221;off|desktop&#8221; transform_translate_tablet=&#8221;0px|80%&#8221; transform_translate_phone=&#8221;0px|0%&#8221; transform_translate_last_edited=&#8221;off|desktop&#8221; transform_rotate_last_edited=&#8221;off|desktop&#8221; transform_skew_last_edited=&#8221;off|desktop&#8221; transform_origin_last_edited=&#8221;off|desktop&#8221; transform_styles_last_edited=&#8221;off|desktop&#8221; z_index=&#8221;10&#8243; width=&#8221;90%&#8221; width_last_edited=&#8221;off|desktop&#8221; custom_margin=&#8221;||-6vw||false|false&#8221; custom_margin_tablet=&#8221;||0vw||false|false&#8221; custom_margin_phone=&#8221;||0vw||false|false&#8221; custom_margin_last_edited=&#8221;on|tablet&#8221; custom_padding=&#8221;1rem|1rem|1rem|1rem|true|true&#8221; custom_padding_tablet=&#8221;30px|30px|30px|30px|true|true&#8221; custom_padding_phone=&#8221;||||true|true&#8221; custom_css_main_element=&#8221;max-width:max-content !important;&#8221; box_shadow_style=&#8221;preset1&#8243; box_shadow_vertical=&#8221;20px&#8221; box_shadow_blur=&#8221;50px&#8221; box_shadow_color=&#8221;rgba(63,22,0,0.2)&#8221; locked=&#8221;off&#8221; global_colors_info=&#8221;{}&#8221;][et_pb_column type=&#8221;4_4&#8243; _builder_version=&#8221;4.18.0&#8243; _module_preset=&#8221;default&#8221; custom_padding=&#8221;||||false|false&#8221; custom_css_main_element=&#8221;display:flex;||flex-wrap:wrap;||align-items:center;||justify-content:space-between;||gap:1rem;&#8221; global_colors_info=&#8221;{}&#8221; custom_css_main_element_last_edited=&#8221;on|tablet&#8221; custom_css_main_element_tablet=&#8221;display:flex;||flex-direction:column;||flex-wrap:wrap;||align-items:center;||justify-content:space-between;||gap:1rem;&#8221; custom_css_main_element_phone=&#8221;display:flex;||flex-direction:column;||flex-wrap:wrap;||align-items:center;||justify-content:space-between;||gap:1rem;&#8221;][et_pb_blurb title=&#8221;Am Blasberg 13, 24943 Flensborg&#8221; use_icon=&#8221;on&#8221; font_icon=&#8221;&#xf3c5;||fa||900&#8243; icon_color=&#8221;#C53333&#8243; icon_placement=&#8221;left&#8221; image_icon_width=&#8221;1.2rem&#8221; content_max_width=&#8221;100%&#8221; _builder_version=&#8221;4.18.0&#8243; _dynamic_attributes=&#8221;link_option_url&#8221; _module_preset=&#8221;b62950b2-9f88-417a-a624-825d61ec2a3d&#8221; header_font=&#8221;|700||on|||||&#8221; header_text_color=&#8221;#5A0000&#8243; header_font_size=&#8221;0.8rem&#8221; header_letter_spacing=&#8221;1px&#8221; header_line_height=&#8221;1.4em&#8221; animation=&#8221;off&#8221; link_option_url=&#8221;@ET-DC@eyJkeW5hbWljIjp0cnVlLCJjb250ZW50IjoicG9zdF9saW5rX3VybF9wYWdlIiwic2V0dGluZ3MiOnsicG9zdF9pZCI6IjcyNSJ9fQ==@&#8221; locked=&#8221;off&#8221; global_colors_info=&#8221;{}&#8221;][\/et_pb_blurb][et_pb_blurb title=&#8221;0461 3150600&#8243; use_icon=&#8221;on&#8221; font_icon=&#8221;&#xf879;||fa||900&#8243; icon_color=&#8221;#C53333&#8243; icon_placement=&#8221;left&#8221; image_icon_width=&#8221;1.2rem&#8221; content_max_width=&#8221;100%&#8221; _builder_version=&#8221;4.18.0&#8243; _module_preset=&#8221;b62950b2-9f88-417a-a624-825d61ec2a3d&#8221; header_font=&#8221;|700||on|||||&#8221; header_text_color=&#8221;#5A0000&#8243; header_font_size=&#8221;0.8rem&#8221; header_letter_spacing=&#8221;1px&#8221; header_line_height=&#8221;1.4em&#8221; animation=&#8221;off&#8221; link_option_url=&#8221;tlf:+49 461 3150600&#8243; locked=&#8221;off&#8221; global_colors_info=&#8221;{}&#8221;][\/et_pb_blurb][et_pb_button button_url=&#8221;@ET-DC@eyJkeW5hbWljIjp0cnVlLCJjb250ZW50IjoicG9zdF9saW5rX3VybF9wYWdlIiwic2V0dGluZ3MiOnsicG9zdF9pZCI6IjcyMSJ9fQ==@&#8221; button_text=&#8221;Reservering&#8221; _builder_version=&#8221;4.18.0&#8243; _dynamic_attributes=&#8221;button_url&#8221; _module_preset=&#8221;31b4f027-aaa0-4f2f-ae02-959764e19e4f&#8221; button_bg_color=&#8221;#800000&#8243; global_colors_info=&#8221;{}&#8221;][\/et_pb_button][et_pb_button button_url=&#8221;@ET-DC@eyJkeW5hbWljIjp0cnVlLCJjb250ZW50IjoicG9zdF9saW5rX3VybF9wYWdlIiwic2V0dGluZ3MiOnsicG9zdF9pZCI6IjcxOCJ9fQ==@&#8221; button_text=&#8221;Priser&#8221; _builder_version=&#8221;4.18.0&#8243; _dynamic_attributes=&#8221;button_url&#8221; _module_preset=&#8221;31b4f027-aaa0-4f2f-ae02-959764e19e4f&#8221; button_bg_color=&#8221;#800000&#8243; global_colors_info=&#8221;{}&#8221;][\/et_pb_button][\/et_pb_column][\/et_pb_row][\/et_pb_section][et_pb_section fb_built=&#8221;1&#8243; _builder_version=&#8221;4.18.0&#8243; _module_preset=&#8221;default&#8221; background_color=&#8221;#5A0000&#8243; custom_margin=&#8221;12rem||||false|false&#8221; custom_padding=&#8221;8rem||8rem||true|false&#8221; top_divider_style=&#8221;wave&#8221; top_divider_color=&#8221;#FFFFFF&#8221; top_divider_height=&#8221;4rem&#8221; global_colors_info=&#8221;{}&#8221;][et_pb_row _builder_version=&#8221;4.18.0&#8243; _module_preset=&#8221;default&#8221; global_colors_info=&#8221;{}&#8221;][et_pb_column type=&#8221;4_4&#8243; _builder_version=&#8221;4.17.4&#8243; _module_preset=&#8221;default&#8221; global_colors_info=&#8221;{}&#8221;][et_pb_text _builder_version=&#8221;4.18.0&#8243; _module_preset=&#8221;default&#8221; background_layout=&#8221;dark&#8221; custom_css_main_element=&#8221;max-width:50ch;||margin:auto;&#8221; global_colors_info=&#8221;{}&#8221;]<\/p>\n<h2>Hotel ved vandt\u00e5rnet<\/h2>\n<p>Vil du gerne tilbringe et par dage i Flensborg p\u00e5 forretningsrejse eller opleve en sp\u00e6ndende ferie med din familie? S\u00e5 er vores Garni-Hotel det helt rigtige for dig! Fordi vores hus ligger direkte p\u00e5 et naturreservat og alligevel kun fem minutters k\u00f8rsel fra byens centrum. Nyd en s\u00e6rlig afslappende s\u00f8vn i en rolig beliggenhed og oplev de vidunderlige omgivelser og den historiske bymidte i Flensborg p\u00e5 udstrakte vandreture!<\/p>\n<p>Hos os kan du bestille dit hotelv\u00e6relse med attraktive tilbud: Uanset om du bruger vores fitnessrum eller slapper af i saunaen &#8211; du kan nyde godt af gratis wi-fi overalt! I vores spisestue kan du nyde en rigelig morgenmad, som allerede er inkluderet i prisen for dit v\u00e6relse og er gratis for vores husg\u00e6ster.<\/p>\n<p>[\/et_pb_text][\/et_pb_column][\/et_pb_row][et_pb_row _builder_version=&#8221;4.18.0&#8243; _module_preset=&#8221;default&#8221; custom_margin=&#8221;4rem||||false|false&#8221; global_colors_info=&#8221;{}&#8221;][et_pb_column type=&#8221;4_4&#8243; _builder_version=&#8221;4.18.0&#8243; _module_preset=&#8221;default&#8221; global_colors_info=&#8221;{}&#8221;][et_pb_gallery gallery_ids=&#8221;1228,1232,1242,1278&#8243; db_images_per_row=&#8221;4&#8243; db_image_max_width=&#8221;99%&#8221; dbdb_version=&#8221;3.8.9&#8243; show_title_and_caption=&#8221;off&#8221; show_pagination=&#8221;off&#8221; module_class=&#8221;gallery-ratio-1-1&#8243; _builder_version=&#8221;4.18.0&#8243; _module_preset=&#8221;default&#8221; global_colors_info=&#8221;{}&#8221;][\/et_pb_gallery][\/et_pb_column][\/et_pb_row][\/et_pb_section]<\/p>\n","protected":false},"excerpt":{"rendered":"<p>Hotel ved vandt\u00e5rnetOplev FlensborgHotel ved vandt\u00e5rnet Vil du gerne tilbringe et par dage i Flensborg p\u00e5 forretningsrejse eller opleve en sp\u00e6ndende ferie med din familie? S\u00e5 er vores Garni-Hotel det helt rigtige for dig! Fordi vores hus ligger direkte p\u00e5 et naturreservat og alligevel kun fem minutters k\u00f8rsel fra byens centrum. Nyd en s\u00e6rlig afslappende [&hellip;]<\/p>\n","protected":false},"author":1,"featured_media":0,"parent":0,"menu_order":1,"comment_status":"closed","ping_status":"closed","template":"","meta":{"_et_pb_use_builder":"on","_et_pb_old_content":"","_et_gb_content_width":"","inline_featured_image":false,"footnotes":""},"class_list":["post-1314","page","type-page","status-publish","hentry"],"_links":{"self":[{"href":"https:\/\/www.hotel-am-wasserturm.com\/da\/wp-json\/wp\/v2\/pages\/1314","targetHints":{"allow":["GET"]}}],"collection":[{"href":"https:\/\/www.hotel-am-wasserturm.com\/da\/wp-json\/wp\/v2\/pages"}],"about":[{"href":"https:\/\/www.hotel-am-wasserturm.com\/da\/wp-json\/wp\/v2\/types\/page"}],"author":[{"embeddable":true,"href":"https:\/\/www.hotel-am-wasserturm.com\/da\/wp-json\/wp\/v2\/users\/1"}],"replies":[{"embeddable":true,"href":"https:\/\/www.hotel-am-wasserturm.com\/da\/wp-json\/wp\/v2\/comments?post=1314"}],"version-history":[{"count":3,"href":"https:\/\/www.hotel-am-wasserturm.com\/da\/wp-json\/wp\/v2\/pages\/1314\/revisions"}],"predecessor-version":[{"id":1317,"href":"https:\/\/www.hotel-am-wasserturm.com\/da\/wp-json\/wp\/v2\/pages\/1314\/revisions\/1317"}],"wp:attachment":[{"href":"https:\/\/www.hotel-am-wasserturm.com\/da\/wp-json\/wp\/v2\/media?parent=1314"}],"curies":[{"name":"wp","href":"https:\/\/api.w.org\/{rel}","templated":true}]}}