{"id":1324,"date":"2022-06-22T12:14:48","date_gmt":"2022-06-22T10:14:48","guid":{"rendered":"https:\/\/www.hotel-am-wasserturm.com\/vaerelser-og-priser\/"},"modified":"2022-10-12T15:52:03","modified_gmt":"2022-10-12T13:52:03","slug":"vaerelser-og-priser","status":"publish","type":"page","link":"https:\/\/www.hotel-am-wasserturm.com\/da\/vaerelser-og-priser\/","title":{"rendered":"V\u00e6relser og priser"},"content":{"rendered":"<p>[et_pb_section fb_built=&#8221;1&#8243; _builder_version=&#8221;4.17.4&#8243; background_image=&#8221;https:\/\/www.hotel-am-wasserturm.com\/wp-content\/uploads\/Zimmer-001-1.jpg&#8221; parallax=&#8221;on&#8221; min_height=&#8221;100vh&#8221; custom_css_main_element=&#8221;display:flex;&#8221; global_colors_info=&#8221;{}&#8221;][et_pb_row _builder_version=&#8221;4.18.0&#8243; max_width=&#8221;800px&#8221; module_alignment=&#8221;center&#8221; custom_margin=&#8221;||||false|false&#8221; global_colors_info=&#8221;{}&#8221;][et_pb_column type=&#8221;4_4&#8243; _builder_version=&#8221;4.16&#8243; custom_padding=&#8221;|||&#8221; global_colors_info=&#8221;{}&#8221; custom_padding__hover=&#8221;|||&#8221;][et_pb_text _builder_version=&#8221;4.18.0&#8243; _module_preset=&#8221;default&#8221; header_font=&#8221;|700||on|||||&#8221; header_text_color=&#8221;#FFFFFF&#8221; header_font_size=&#8221;2.8em&#8221; header_text_shadow_style=&#8221;preset5&#8243; header_text_shadow_horizontal_length=&#8221;0.04em&#8221; header_text_shadow_vertical_length=&#8221;0.04em&#8221; header_text_shadow_color=&#8221;#5A0000&#8243; global_colors_info=&#8221;{}&#8221;]<\/p>\n<h1>V\u00e6relser og priser<\/h1>\n<p>[\/et_pb_text][dvmd_table_maker tbl_row_header_count=&#8221;0&#8243; tbl_frame_type=&#8221;lines&#8221; tbl_frame_line_color=&#8221;#000000&#8243; tbl_frame_line_width=&#8221;0.1rem&#8221; tbl_stripes_active=&#8221;on&#8221; tbl_stripes_order=&#8221;odd&#8221; tbl_tcell_cell_color=&#8221;#FFFFFF&#8221; tbl_tcell_cell_align_vert=&#8221;center&#8221; _builder_version=&#8221;4.18.0&#8243; _module_preset=&#8221;default&#8221; background_color=&#8221;#FFFFFF&#8221; custom_margin=&#8221;1rem||||false|false&#8221; box_shadow_style=&#8221;preset3&#8243; box_shadow_blur=&#8221;25px&#8221; box_shadow_color=&#8221;rgba(0,0,0,0.75)&#8221; global_colors_info=&#8221;{}&#8221;][dvmd_table_maker_item col_label=&#8221;Zimmer&#8221; col_content=&#8221;V\u00e6relse<br \/>\nEnkeltv\u00e6relse<br \/>\nDobbeltv\u00e6relse<br \/>\nDobbeltv\u00e6relse<br \/>\nTredobbeltv\u00e6relse<br \/>\n4-personersv\u00e6relse (dobbeltseng og 1 k\u00f8jeseng)&#8221; _builder_version=&#8221;4.18.0&#8243; _module_preset=&#8221;default&#8221; hover_enabled=&#8221;0&#8243; global_colors_info=&#8221;{}&#8221; sticky_enabled=&#8221;0&#8243;][\/dvmd_table_maker_item][dvmd_table_maker_item col_label=&#8221;Zimmer&#8221; col_content=&#8221;Pris*<br \/>\n65,00 &#8211; 95,00 \u20ac<br \/>\n119,00 &#8211; 135,00 \u20ac<br \/>\n119,00 \u20ac<br \/>\n145,00 \u20ac<br \/>\n165,00 \u20ac&#8221; col_column_max_width=&#8221;0.4fr&#8221; col_tcell_cell_align_horz=&#8221;right&#8221; col_chead_cell_align_horz=&#8221;center&#8221; _builder_version=&#8221;4.18.0&#8243; _module_preset=&#8221;default&#8221; hover_enabled=&#8221;0&#8243; global_colors_info=&#8221;{}&#8221; sticky_enabled=&#8221;0&#8243;][\/dvmd_table_maker_item][\/dvmd_table_maker][et_pb_text _builder_version=&#8221;4.18.0&#8243; _module_preset=&#8221;default&#8221; text_font=&#8221;|700|||||||&#8221; text_font_size=&#8221;0.8rem&#8221; text_line_height=&#8221;1.4em&#8221; background_color=&#8221;#FFFFFF&#8221; custom_margin=&#8221;1em||||false|false&#8221; custom_padding=&#8221;0.4em|0.4em|0.4em|0.4em|false|false&#8221; custom_css_main_element=&#8221;max-width:max-content;||margin:auto;&#8221; border_width_all=&#8221;0.15em&#8221; box_shadow_style=&#8221;preset3&#8243; global_colors_info=&#8221;{}&#8221;]<\/p>\n<p>* For husets g\u00e6ster er der gratis morgenbuffet til r\u00e5dighed.<br \/>* Vi forbeholder os ret til at justere priserne i forbindelse med messer og s\u00e6sonperioder.<\/p>\n<p>[\/et_pb_text][\/et_pb_column][\/et_pb_row][\/et_pb_section][et_pb_section fb_built=&#8221;1&#8243; _builder_version=&#8221;4.18.0&#8243; _module_preset=&#8221;default&#8221; global_colors_info=&#8221;{}&#8221;][et_pb_row column_structure=&#8221;1_2,1_2&#8243; _builder_version=&#8221;4.18.0&#8243; _module_preset=&#8221;default&#8221; global_colors_info=&#8221;{}&#8221;][et_pb_column type=&#8221;1_2&#8243; _builder_version=&#8221;4.18.0&#8243; _module_preset=&#8221;default&#8221; background_image=&#8221;https:\/\/www.hotel-am-wasserturm.com\/wp-content\/uploads\/Flens-09.jpg&#8221; parallax=&#8221;on&#8221; box_shadow_style=&#8221;preset3&#8243; box_shadow_blur=&#8221;25px&#8221; box_shadow_color=&#8221;rgba(0,0,0,0.75)&#8221; global_colors_info=&#8221;{}&#8221;][\/et_pb_column][et_pb_column type=&#8221;1_2&#8243; _builder_version=&#8221;4.18.0&#8243; _module_preset=&#8221;default&#8221; custom_padding=&#8221;2rem||2rem|2rem|true|false&#8221; custom_padding_tablet=&#8221;0rem||0rem|0rem|true|false&#8221; custom_padding_phone=&#8221;0rem||0rem|0rem|true|false&#8221; custom_padding_last_edited=&#8221;on|tablet&#8221; global_colors_info=&#8221;{}&#8221;][et_pb_text _builder_version=&#8221;4.18.0&#8243; _module_preset=&#8221;default&#8221; text_line_height=&#8221;1.4em&#8221; global_colors_info=&#8221;{}&#8221;]<\/p>\n<h2>Vores v\u00e6relser<\/h2>\n<p>Vores hus har <strong>60 senge<\/strong> i 34 stilfuldt indrettede enkelt-, dobbelt- eller familiev\u00e6relser. De fleste af vores v\u00e6relser er <strong>velegnede til allergikere<\/strong> og er udelukkende <strong>forbeholdt ikke-rygere<\/strong>. I disse rum er m\u00f8blerne og gulvene udelukkende lavet af naturtr\u00e6, og de anvendte olier og maling er uden opl\u00f8sningsmidler og uden \u00e6teriske tils\u00e6tningsstoffer. Samtlige v\u00e6relser er udstyret med farve-tv, bruser og toilet. Der er <strong>gratis tr\u00e5dl\u00f8s internetadgang<\/strong> p\u00e5 hele hotellet.<\/p>\n<p>[\/et_pb_text][\/et_pb_column][\/et_pb_row][et_pb_row _builder_version=&#8221;4.18.0&#8243; _module_preset=&#8221;default&#8221; custom_margin=&#8221;5rem||||false|false&#8221; global_colors_info=&#8221;{}&#8221;][et_pb_column type=&#8221;4_4&#8243; _builder_version=&#8221;4.18.0&#8243; _module_preset=&#8221;default&#8221; custom_css_main_element=&#8221;display:flex;||flex-wrap:wrap;||justify-content:center;||gap:1rem;&#8221; global_colors_info=&#8221;{}&#8221;][et_pb_blurb title=&#8221;GRATIS WIFI&#8221; use_icon=&#8221;on&#8221; font_icon=&#8221;&#xf1eb;||fa||900&#8243; icon_color=&#8221;#FFFFFF&#8221; image_icon_width=&#8221;2rem&#8221; _builder_version=&#8221;4.18.0&#8243; _module_preset=&#8221;default&#8221; header_font=&#8221;|800|||||||&#8221; header_text_align=&#8221;center&#8221; header_font_size=&#8221;0.8rem&#8221; background_color=&#8221;#C53333&#8243; background_layout=&#8221;dark&#8221; custom_padding=&#8221;0.8rem|0.8rem|0.8rem|0.8rem|false|false&#8221; custom_css_blurb_image=&#8221;margin:0;&#8221; border_width_all=&#8221;0.15em&#8221; border_color_all=&#8221;#000000&#8243; box_shadow_style=&#8221;preset3&#8243; global_colors_info=&#8221;{}&#8221;][\/et_pb_blurb][et_pb_blurb title=&#8221;FITNESS-RUM&#8221; use_icon=&#8221;on&#8221; font_icon=&#8221;&#xf70c;||fa||900&#8243; icon_color=&#8221;#FFFFFF&#8221; image_icon_width=&#8221;2rem&#8221; _builder_version=&#8221;4.18.0&#8243; _module_preset=&#8221;default&#8221; header_font=&#8221;|800|||||||&#8221; header_text_align=&#8221;center&#8221; header_font_size=&#8221;0.8rem&#8221; background_color=&#8221;#C53333&#8243; background_layout=&#8221;dark&#8221; custom_padding=&#8221;0.8rem|0.8rem|0.8rem|0.8rem|false|false&#8221; custom_css_blurb_image=&#8221;margin:0;&#8221; border_width_all=&#8221;0.15em&#8221; border_color_all=&#8221;#000000&#8243; box_shadow_style=&#8221;preset3&#8243; global_colors_info=&#8221;{}&#8221;][\/et_pb_blurb][et_pb_blurb title=&#8221;UDEND\u00d8RS&#8221; use_icon=&#8221;on&#8221; font_icon=&#8221;&#xf1e3;||fa||900&#8243; icon_color=&#8221;#FFFFFF&#8221; image_icon_width=&#8221;2rem&#8221; _builder_version=&#8221;4.18.0&#8243; _module_preset=&#8221;default&#8221; header_font=&#8221;|800|||||||&#8221; header_text_align=&#8221;center&#8221; header_font_size=&#8221;0.8rem&#8221; background_color=&#8221;#C53333&#8243; background_layout=&#8221;dark&#8221; custom_padding=&#8221;0.8rem|0.8rem|0.8rem|0.8rem|false|false&#8221; custom_css_blurb_image=&#8221;margin:0;&#8221; border_width_all=&#8221;0.15em&#8221; border_color_all=&#8221;#000000&#8243; box_shadow_style=&#8221;preset3&#8243; global_colors_info=&#8221;{}&#8221;][\/et_pb_blurb][et_pb_blurb title=&#8221;KABEL-TV&#8221; use_icon=&#8221;on&#8221; font_icon=&#8221;&#xf26c;||fa||900&#8243; icon_color=&#8221;#FFFFFF&#8221; image_icon_width=&#8221;2rem&#8221; _builder_version=&#8221;4.18.0&#8243; _module_preset=&#8221;default&#8221; header_font=&#8221;|800|||||||&#8221; header_text_align=&#8221;center&#8221; header_font_size=&#8221;0.8rem&#8221; background_color=&#8221;#C53333&#8243; background_layout=&#8221;dark&#8221; custom_padding=&#8221;0.8rem|0.8rem|0.8rem|0.8rem|false|false&#8221; custom_css_blurb_image=&#8221;margin:0;&#8221; border_width_all=&#8221;0.15em&#8221; border_color_all=&#8221;#000000&#8243; box_shadow_style=&#8221;preset3&#8243; global_colors_info=&#8221;{}&#8221;][\/et_pb_blurb][et_pb_blurb title=&#8221;MORGENBUFFET&#8221; use_icon=&#8221;on&#8221; font_icon=&#8221;&#xf2e7;||fa||900&#8243; icon_color=&#8221;#FFFFFF&#8221; image_icon_width=&#8221;2rem&#8221; _builder_version=&#8221;4.18.0&#8243; _module_preset=&#8221;default&#8221; header_font=&#8221;|800|||||||&#8221; header_text_align=&#8221;center&#8221; header_font_size=&#8221;0.8rem&#8221; background_color=&#8221;#C53333&#8243; background_layout=&#8221;dark&#8221; custom_padding=&#8221;0.8rem|0.8rem|0.8rem|0.8rem|false|false&#8221; custom_css_blurb_image=&#8221;margin:0;&#8221; border_width_all=&#8221;0.15em&#8221; border_color_all=&#8221;#000000&#8243; box_shadow_style=&#8221;preset3&#8243; global_colors_info=&#8221;{}&#8221;][\/et_pb_blurb][et_pb_blurb title=&#8221;BRUSEBAD OG WC&#8221; use_icon=&#8221;on&#8221; font_icon=&#8221;&#xf2cc;||fa||900&#8243; icon_color=&#8221;#FFFFFF&#8221; image_icon_width=&#8221;2rem&#8221; _builder_version=&#8221;4.18.0&#8243; _module_preset=&#8221;default&#8221; header_font=&#8221;|800|||||||&#8221; header_text_align=&#8221;center&#8221; header_font_size=&#8221;0.8rem&#8221; background_color=&#8221;#C53333&#8243; background_layout=&#8221;dark&#8221; custom_padding=&#8221;0.8rem|0.8rem|0.8rem|0.8rem|false|false&#8221; custom_css_blurb_image=&#8221;margin:0;&#8221; border_width_all=&#8221;0.15em&#8221; border_color_all=&#8221;#000000&#8243; box_shadow_style=&#8221;preset3&#8243; global_colors_info=&#8221;{}&#8221;][\/et_pb_blurb][\/et_pb_column][\/et_pb_row][\/et_pb_section][et_pb_section fb_built=&#8221;1&#8243; _builder_version=&#8221;4.18.0&#8243; _module_preset=&#8221;default&#8221; global_colors_info=&#8221;{}&#8221;][et_pb_row _builder_version=&#8221;4.17.4&#8243; _module_preset=&#8221;default&#8221; global_colors_info=&#8221;{}&#8221;][et_pb_column type=&#8221;4_4&#8243; _builder_version=&#8221;4.17.4&#8243; _module_preset=&#8221;default&#8221; global_colors_info=&#8221;{}&#8221;][et_pb_gallery gallery_ids=&#8221;1254,1256,1258,1260,1262,1264,1266,1268&#8243; posts_number=&#8221;8&#8243; db_images_per_row=&#8221;4&#8243; db_image_max_width=&#8221;99%&#8221; db_image_row_spacing=&#8221;0.2%&#8221; db_image_object_fit=&#8221;cover&#8221; dbdb_version=&#8221;3.9.9&#8243; show_title_and_caption=&#8221;off&#8221; show_pagination=&#8221;off&#8221; zoom_icon_color=&#8221;#FFFFFF&#8221; hover_overlay_color=&#8221;rgba(128,0,0,0.75)&#8221; hover_icon=&#8221;&#x54;||divi||400&#8243; _builder_version=&#8221;4.18.0&#8243; _module_preset=&#8221;default&#8221; caption_text_color=&#8221;RGBA(255,255,255,0)&#8221; module_alignment=&#8221;center&#8221; global_colors_info=&#8221;{}&#8221;][\/et_pb_gallery][\/et_pb_column][\/et_pb_row][et_pb_row _builder_version=&#8221;4.17.4&#8243; _module_preset=&#8221;default&#8221; global_colors_info=&#8221;{}&#8221;][et_pb_column type=&#8221;4_4&#8243; _builder_version=&#8221;4.17.4&#8243; _module_preset=&#8221;default&#8221; global_colors_info=&#8221;{}&#8221;][et_pb_button button_url=&#8221;@ET-DC@eyJkeW5hbWljIjp0cnVlLCJjb250ZW50IjoicG9zdF9saW5rX3VybF9wYWdlIiwic2V0dGluZ3MiOnsicG9zdF9pZCI6IjcyMSJ9fQ==@&#8221; button_text=&#8221;Reservering&#8221; _builder_version=&#8221;4.18.0&#8243; _dynamic_attributes=&#8221;button_url&#8221; _module_preset=&#8221;31b4f027-aaa0-4f2f-ae02-959764e19e4f&#8221; custom_margin=&#8221;1rem||||false|false&#8221; global_colors_info=&#8221;{}&#8221;][\/et_pb_button][\/et_pb_column][\/et_pb_row][\/et_pb_section][et_pb_section fb_built=&#8221;1&#8243; _builder_version=&#8221;4.18.0&#8243; _module_preset=&#8221;default&#8221; global_colors_info=&#8221;{}&#8221;][et_pb_row _builder_version=&#8221;4.17.4&#8243; _module_preset=&#8221;default&#8221; global_colors_info=&#8221;{}&#8221;][et_pb_column type=&#8221;4_4&#8243; _builder_version=&#8221;4.17.4&#8243; _module_preset=&#8221;default&#8221; global_colors_info=&#8221;{}&#8221;][et_pb_text _builder_version=&#8221;4.18.0&#8243; _module_preset=&#8221;default&#8221; header_2_font_size=&#8221;1.8em&#8221; custom_css_main_element=&#8221;max-width:50ch;||margin:auto;&#8221; global_colors_info=&#8221;{}&#8221;]<\/p>\n<h2>Fritagelse for boligafgift<\/h2>\n<p>Flensborg by opkr\u00e6ver en overnatningsafgift p\u00e5 private rejser. Afgiften g\u00e6lder ikke, hvis dit ophold er i forretnings\u00f8jemed.<br \/>Du kan bruge <a href=\"https:\/\/www.hotel-am-wasserturm.com\/da\/fritagelse-for-boligafgift\/\">denne formular<\/a> til at bekr\u00e6fte, at din rejse har et forretningsm\u00e6ssigt form\u00e5l.<\/p>\n<p>Du kan finde formularen her:<br \/><a href=\"https:\/\/www.flensburg.de\/index.php?object=tx,2306.2&amp;ModID=10&amp;FID=2306.2041.1&amp;ort=2306.1\" target=\"_blank\" rel=\"noopener\" title=\"Opholdsafgift (kun i Flensborg)\">Opholdsafgift (kun i Flensborg)<\/a><\/p>\n<p>[\/et_pb_text][\/et_pb_column][\/et_pb_row][\/et_pb_section]<\/p>\n","protected":false},"excerpt":{"rendered":"<p>V\u00e6relser og priser<div class=\"et_pb_module dvmd_table_maker dvmd_table_maker_0 dvmd_tm_version_4_0_1\">\n\t\t\t\t\n\t\t\t\t\n\t\t\t\t\n\t\t\t\t\n\t\t\t\t\n\t\t\t\t\n\t\t\t\t<div class=\"et_pb_module_inner\">\n\t\t\t\t\t\n\t\t\t\t<\/div>\n\t\t\t<\/div><div class=\"dvmd_outer\">\n\t\t\t\t\n\t\t\t\t\n\t\t\t\t\n\t\t\t\t\n\t\t\t\t\n\t\t\t\t\n\t\t\t\t<div class=\"dvmd_inner\">\n\t\t\t\t\t\n\t\t\t\t<\/div>\n\t\t\t<\/div><div class=\"dvmd_outer\">\n\t\t\t\t\n\t\t\t\t\n\t\t\t\t\n\t\t\t\t\n\t\t\t\t\n\t\t\t\t\n\t\t\t\t<div class=\"dvmd_inner\">\n\t\t\t\t\t\n\t\t\t\t<\/div>\n\t\t\t<\/div><\/p>\n","protected":false},"author":1,"featured_media":0,"parent":0,"menu_order":10,"comment_status":"closed","ping_status":"closed","template":"","meta":{"_et_pb_use_builder":"on","_et_pb_old_content":"","_et_gb_content_width":"","inline_featured_image":false,"footnotes":""},"class_list":["post-1324","page","type-page","status-publish","hentry"],"_links":{"self":[{"href":"https:\/\/www.hotel-am-wasserturm.com\/da\/wp-json\/wp\/v2\/pages\/1324","targetHints":{"allow":["GET"]}}],"collection":[{"href":"https:\/\/www.hotel-am-wasserturm.com\/da\/wp-json\/wp\/v2\/pages"}],"about":[{"href":"https:\/\/www.hotel-am-wasserturm.com\/da\/wp-json\/wp\/v2\/types\/page"}],"author":[{"embeddable":true,"href":"https:\/\/www.hotel-am-wasserturm.com\/da\/wp-json\/wp\/v2\/users\/1"}],"replies":[{"embeddable":true,"href":"https:\/\/www.hotel-am-wasserturm.com\/da\/wp-json\/wp\/v2\/comments?post=1324"}],"version-history":[{"count":8,"href":"https:\/\/www.hotel-am-wasserturm.com\/da\/wp-json\/wp\/v2\/pages\/1324\/revisions"}],"predecessor-version":[{"id":1422,"href":"https:\/\/www.hotel-am-wasserturm.com\/da\/wp-json\/wp\/v2\/pages\/1324\/revisions\/1422"}],"wp:attachment":[{"href":"https:\/\/www.hotel-am-wasserturm.com\/da\/wp-json\/wp\/v2\/media?parent=1324"}],"curies":[{"name":"wp","href":"https:\/\/api.w.org\/{rel}","templated":true}]}}