{"id":1350,"date":"2022-06-24T11:19:42","date_gmt":"2022-06-24T09:19:42","guid":{"rendered":"https:\/\/www.hotel-am-wasserturm.com\/fritagelse-for-boligafgift\/"},"modified":"2022-10-10T09:18:05","modified_gmt":"2022-10-10T07:18:05","slug":"fritagelse-for-boligafgift","status":"publish","type":"page","link":"https:\/\/www.hotel-am-wasserturm.com\/da\/fritagelse-for-boligafgift\/","title":{"rendered":"Fritagelse for boligafgift"},"content":{"rendered":"<p>[et_pb_section fb_built=&#8221;1&#8243; _builder_version=&#8221;4.18.0&#8243; _module_preset=&#8221;default&#8221; min_height=&#8221;100vh&#8221; custom_padding=&#8221;2rem||2rem||false|false&#8221; custom_css_main_element=&#8221;display:flex;||flex-direction:column;||justify-content:center;&#8221; global_colors_info=&#8221;{}&#8221;][et_pb_row use_custom_gutter=&#8221;on&#8221; gutter_width=&#8221;2&#8243; _builder_version=&#8221;4.17.4&#8243; _module_preset=&#8221;default&#8221; custom_margin=&#8221;0px||0px||false|false&#8221; global_colors_info=&#8221;{}&#8221;][et_pb_column type=&#8221;4_4&#8243; _builder_version=&#8221;4.17.4&#8243; _module_preset=&#8221;default&#8221; global_colors_info=&#8221;{}&#8221;][et_pb_text _builder_version=&#8221;4.18.0&#8243; _module_preset=&#8221;default&#8221; header_font=&#8221;||||||||&#8221; header_text_color=&#8221;#800000&#8243; header_font_size=&#8221;3rem&#8221; global_colors_info=&#8221;{}&#8221;]<\/p>\n<h1>Fritagelse for boligafgift<\/h1>\n<p>Siden den 01.01.2013 har byen Flensborg opkr\u00e6vet en afgift p\u00e5 1,50 \u20ac pr. overnatning for private overnattende g\u00e6ster; denne afgift stiger fra den 1.1.2018 til 7,5 % af overnatningsprisen. Forretningsrejsende kan blive fritaget for dette gebyr. Forretningsrejsende har mulighed for at undg\u00e5 at betale overnatningsafgift ved at freml\u00e6gge en attest fra deres arbejdsgiver ved ankomsten, hvoraf det fremg\u00e5r, at overnatningen er af forretningsm\u00e6ssige \u00e5rsager. Hvis du \u00f8nsker at blive fritaget for overnatningsafgiften, sender vi dig gerne en formular fra byen Flensborg.<\/p>\n<p>Hvis du ikke er i stand til at freml\u00e6gge en bekr\u00e6ftelse fra din arbejdsgiver for overnatningen, selvom du har en forretningsm\u00e6ssig grund til det, er vi forpligtet til at opkr\u00e6ve et gebyr p\u00e5 1,50 \u20ac\/ henholdsvis 7,5 % pr. overnatning og person. Du kan dog f\u00e5 den betalte boligafgift tilbagebetalt inden for tre m\u00e5neder ved hj\u00e6lp af et uformelt brev til byen Flensborg. Din arbejdsgiver skal udarbejde disse breve og vedl\u00e6gge fakturaen for overnatningen\/overn\u00e6tterne.<\/p>\n<p>[\/et_pb_text][\/et_pb_column][\/et_pb_row][et_pb_row _builder_version=&#8221;4.18.0&#8243; _module_preset=&#8221;default&#8221; custom_margin=&#8221;1rem||0px||false|false&#8221; global_colors_info=&#8221;{}&#8221;][et_pb_column type=&#8221;4_4&#8243; _builder_version=&#8221;4.18.0&#8243; _module_preset=&#8221;default&#8221; custom_css_main_element=&#8221;display:flex;||flex-wrap:wrap;||justify-content:center;||gap:1rem;&#8221; global_colors_info=&#8221;{}&#8221;][et_pb_button button_url=&#8221;@ET-DC@eyJkeW5hbWljIjp0cnVlLCJjb250ZW50IjoicG9zdF9saW5rX3VybF9hdHRhY2htZW50Iiwic2V0dGluZ3MiOnsicG9zdF9pZCI6Ijg0OCJ9fQ==@&#8221; button_text=&#8221;Sengeskatteformular&#8221; _builder_version=&#8221;4.18.0&#8243; _dynamic_attributes=&#8221;button_url&#8221; _module_preset=&#8221;default&#8221; global_colors_info=&#8221;{}&#8221; url_new_window=&#8221;on&#8221;][\/et_pb_button][et_pb_button button_url=&#8221;@ET-DC@eyJkeW5hbWljIjp0cnVlLCJjb250ZW50IjoicG9zdF9saW5rX3VybF9hdHRhY2htZW50Iiwic2V0dGluZ3MiOnsicG9zdF9pZCI6Ijg0NyJ9fQ==@&#8221; button_text=&#8221;Kvittering for modtagelse for selvst\u00e6ndige erhvervsdrivende&#8221; _builder_version=&#8221;4.18.0&#8243; _dynamic_attributes=&#8221;button_url&#8221; _module_preset=&#8221;default&#8221; hover_enabled=&#8221;0&#8243; global_colors_info=&#8221;{}&#8221; url_new_window=&#8221;on&#8221; sticky_enabled=&#8221;0&#8243;][\/et_pb_button][et_pb_button button_url=&#8221;@ET-DC@eyJkeW5hbWljIjp0cnVlLCJjb250ZW50IjoicG9zdF9saW5rX3VybF9hdHRhY2htZW50Iiwic2V0dGluZ3MiOnsicG9zdF9pZCI6Ijg0NiJ9fQ==@&#8221; button_text=&#8221;Arbejdsgiverens bekr\u00e6ftelse&#8221; _builder_version=&#8221;4.18.0&#8243; _dynamic_attributes=&#8221;button_url&#8221; _module_preset=&#8221;default&#8221; global_colors_info=&#8221;{}&#8221; url_new_window=&#8221;on&#8221;][\/et_pb_button][\/et_pb_column][\/et_pb_row][\/et_pb_section]<\/p>\n","protected":false},"excerpt":{"rendered":"<p>Fritagelse for boligafgift Siden den 01.01.2013 har byen Flensborg opkr\u00e6vet en afgift p\u00e5 1,50 \u20ac pr. overnatning for private overnattende g\u00e6ster; denne afgift stiger fra den 1.1.2018 til 7,5 % af overnatningsprisen. Forretningsrejsende kan blive fritaget for dette gebyr. Forretningsrejsende har mulighed for at undg\u00e5 at betale overnatningsafgift ved at freml\u00e6gge en attest fra deres [&hellip;]<\/p>\n","protected":false},"author":1,"featured_media":0,"parent":0,"menu_order":800,"comment_status":"closed","ping_status":"closed","template":"","meta":{"_et_pb_use_builder":"on","_et_pb_old_content":"","_et_gb_content_width":"","inline_featured_image":false,"footnotes":""},"class_list":["post-1350","page","type-page","status-publish","hentry"],"_links":{"self":[{"href":"https:\/\/www.hotel-am-wasserturm.com\/da\/wp-json\/wp\/v2\/pages\/1350","targetHints":{"allow":["GET"]}}],"collection":[{"href":"https:\/\/www.hotel-am-wasserturm.com\/da\/wp-json\/wp\/v2\/pages"}],"about":[{"href":"https:\/\/www.hotel-am-wasserturm.com\/da\/wp-json\/wp\/v2\/types\/page"}],"author":[{"embeddable":true,"href":"https:\/\/www.hotel-am-wasserturm.com\/da\/wp-json\/wp\/v2\/users\/1"}],"replies":[{"embeddable":true,"href":"https:\/\/www.hotel-am-wasserturm.com\/da\/wp-json\/wp\/v2\/comments?post=1350"}],"version-history":[{"count":2,"href":"https:\/\/www.hotel-am-wasserturm.com\/da\/wp-json\/wp\/v2\/pages\/1350\/revisions"}],"predecessor-version":[{"id":1352,"href":"https:\/\/www.hotel-am-wasserturm.com\/da\/wp-json\/wp\/v2\/pages\/1350\/revisions\/1352"}],"wp:attachment":[{"href":"https:\/\/www.hotel-am-wasserturm.com\/da\/wp-json\/wp\/v2\/media?parent=1350"}],"curies":[{"name":"wp","href":"https:\/\/api.w.org\/{rel}","templated":true}]}}